{"id":2954,"date":"2021-04-14T15:01:50","date_gmt":"2021-04-14T15:01:50","guid":{"rendered":"https:\/\/www.luksushuvilat.fi\/rental-terms-and-conditions-polar-jami\/"},"modified":"2021-04-14T15:07:37","modified_gmt":"2021-04-14T15:07:37","slug":"rental-terms-and-conditions-polar-jami","status":"publish","type":"page","link":"https:\/\/www.luksushuvilat.fi\/en\/rental-terms-and-conditions-polar-jami\/","title":{"rendered":"Rental terms and conditions Polar J\u00e4mi"},"content":{"rendered":"<p><div class=\"fusion-fullwidth fullwidth-box fusion-builder-row-1 fusion-flex-container nonhundred-percent-fullwidth non-hundred-percent-height-scrolling\" style=\"--awb-border-radius-top-left:0px;--awb-border-radius-top-right:0px;--awb-border-radius-bottom-right:0px;--awb-border-radius-bottom-left:0px;--awb-flex-wrap:wrap;\" ><div class=\"fusion-builder-row fusion-row fusion-flex-align-items-flex-start fusion-flex-content-wrap\" style=\"max-width:1248px;margin-left: calc(-4% \/ 2 );margin-right: calc(-4% \/ 2 );\"><div class=\"fusion-layout-column fusion_builder_column fusion-builder-column-0 fusion_builder_column_1_6 1_6 fusion-flex-column\" style=\"--awb-bg-size:cover;--awb-width-large:16.666666666667%;--awb-margin-top-large:0px;--awb-spacing-right-large:11.52%;--awb-margin-bottom-large:20px;--awb-spacing-left-large:11.52%;--awb-width-medium:16.666666666667%;--awb-order-medium:0;--awb-spacing-right-medium:11.52%;--awb-spacing-left-medium:11.52%;--awb-width-small:100%;--awb-order-small:0;--awb-spacing-right-small:1.92%;--awb-spacing-left-small:1.92%;\"><div class=\"fusion-column-wrapper fusion-column-has-shadow fusion-flex-justify-content-flex-start fusion-content-layout-column\"><\/div><\/div><div class=\"fusion-layout-column fusion_builder_column fusion-builder-column-1 fusion_builder_column_2_3 2_3 fusion-flex-column\" style=\"--awb-padding-top:20px;--awb-padding-bottom:20px;--awb-bg-size:cover;--awb-width-large:66.666666666667%;--awb-margin-top-large:0px;--awb-spacing-right-large:2.88%;--awb-margin-bottom-large:20px;--awb-spacing-left-large:2.88%;--awb-width-medium:66.666666666667%;--awb-order-medium:0;--awb-spacing-right-medium:2.88%;--awb-spacing-left-medium:2.88%;--awb-width-small:100%;--awb-order-small:0;--awb-spacing-right-small:1.92%;--awb-spacing-left-small:1.92%;\"><div class=\"fusion-column-wrapper fusion-column-has-shadow fusion-flex-justify-content-flex-start fusion-content-layout-column\"><div class=\"fusion-separator fusion-has-icon\" style=\"align-self: center;margin-left: auto;margin-right: auto;margin-top:10px;width:100%;max-width:50%;\"><div class=\"fusion-separator-border sep-single sep-solid\" style=\"--awb-height:20px;--awb-amount:20px;--awb-sep-color:#e1b053;border-color:#e1b053;border-top-width:2px;\"><\/div><span class=\"icon-wrapper\" style=\"border-color:transparent;font-size:20px;width: 1.75em; height: 1.75em;border-width:2px;padding:2px;margin-top:-1px\"><i class=\"fa-home fas\" style=\"font-size: inherit;color:#e1b053;\" aria-hidden=\"true\"><\/i><\/span><div class=\"fusion-separator-border sep-single sep-solid\" style=\"--awb-height:20px;--awb-amount:20px;--awb-sep-color:#e1b053;border-color:#e1b053;border-top-width:2px;\"><\/div><\/div><div class=\"fusion-title title fusion-title-1 fusion-sep-none fusion-title-center fusion-title-text fusion-title-size-six\" style=\"--awb-text-color:#607d8b;\"><h6 class=\"fusion-title-heading title-heading-center\" style=\"margin:0;\">We comply with the following terms and conditions when renting out Polar J\u00e4mi. The terms will bind both parties once the customer has paid the booking fee mentioned in these terms and conditions.<\/h6><\/div><div class=\"fusion-separator fusion-full-width-sep\" style=\"align-self: center;margin-left: auto;margin-right: auto;margin-top:20px;margin-bottom:20px;width:100%;\"><\/div><div class=\"fusion-image-element \" style=\"text-align:center;--awb-caption-title-font-family:var(--h2_typography-font-family);--awb-caption-title-font-weight:var(--h2_typography-font-weight);--awb-caption-title-font-style:var(--h2_typography-font-style);--awb-caption-title-size:var(--h2_typography-font-size);--awb-caption-title-transform:var(--h2_typography-text-transform);--awb-caption-title-line-height:var(--h2_typography-line-height);--awb-caption-title-letter-spacing:var(--h2_typography-letter-spacing);\"><span class=\" fusion-imageframe imageframe-none imageframe-1 hover-type-none\"><img decoding=\"async\" width=\"200\" height=\"100\" title=\"logo_Polar-J\u00e4mi_200x100\" src=\"https:\/\/www.luksushuvilat.fi\/wp-content\/uploads\/2021\/03\/logo_Polar-Jami_200x100.png\" alt class=\"img-responsive wp-image-2075\"\/><\/span><\/div><div class=\"fusion-separator fusion-full-width-sep\" style=\"align-self: center;margin-left: auto;margin-right: auto;margin-top:20px;margin-bottom:20px;width:100%;\"><\/div><\/div><\/div><div class=\"fusion-layout-column fusion_builder_column fusion-builder-column-2 fusion_builder_column_1_6 1_6 fusion-flex-column\" style=\"--awb-bg-size:cover;--awb-width-large:16.666666666667%;--awb-margin-top-large:0px;--awb-spacing-right-large:11.52%;--awb-margin-bottom-large:20px;--awb-spacing-left-large:11.52%;--awb-width-medium:16.666666666667%;--awb-order-medium:0;--awb-spacing-right-medium:11.52%;--awb-spacing-left-medium:11.52%;--awb-width-small:100%;--awb-order-small:0;--awb-spacing-right-small:1.92%;--awb-spacing-left-small:1.92%;\"><div class=\"fusion-column-wrapper fusion-column-has-shadow fusion-flex-justify-content-flex-start fusion-content-layout-column\"><\/div><\/div><\/div><\/div><div id=\"Rental terms and conditions\" class=\"fusion-container-anchor\"><div class=\"fusion-fullwidth fullwidth-box fusion-builder-row-2 fusion-flex-container nonhundred-percent-fullwidth non-hundred-percent-height-scrolling\" style=\"--awb-border-sizes-left:0px;--awb-border-sizes-right:0px;--awb-border-radius-top-left:0px;--awb-border-radius-top-right:0px;--awb-border-radius-bottom-right:0px;--awb-border-radius-bottom-left:0px;--awb-padding-right-small:0px;--awb-padding-left-small:0px;--awb-margin-top:0px;--awb-margin-bottom:0px;--awb-background-image:linear-gradient(120deg, rgba(255,255,255,0.05) 0%,rgba(0,0,0,0.2) 100%);--awb-flex-wrap:wrap;\" ><div class=\"fusion-builder-row fusion-row fusion-flex-align-items-flex-start fusion-flex-content-wrap\" style=\"max-width:1248px;margin-left: calc(-4% \/ 2 );margin-right: calc(-4% \/ 2 );\"><div class=\"fusion-layout-column fusion_builder_column fusion-builder-column-3 fusion_builder_column_1_6 1_6 fusion-flex-column\" style=\"--awb-bg-size:cover;--awb-width-large:16.666666666667%;--awb-margin-top-large:0px;--awb-spacing-right-large:11.52%;--awb-margin-bottom-large:20px;--awb-spacing-left-large:11.52%;--awb-width-medium:16.666666666667%;--awb-order-medium:0;--awb-spacing-right-medium:11.52%;--awb-spacing-left-medium:11.52%;--awb-width-small:100%;--awb-order-small:0;--awb-spacing-right-small:1.92%;--awb-spacing-left-small:1.92%;\"><div class=\"fusion-column-wrapper fusion-column-has-shadow fusion-flex-justify-content-flex-start fusion-content-layout-column\"><\/div><\/div><div class=\"fusion-layout-column fusion_builder_column fusion-builder-column-4 fusion_builder_column_2_3 2_3 fusion-flex-column fusion-flex-align-self-center\" style=\"--awb-padding-top:20px;--awb-padding-right:40px;--awb-padding-bottom:40px;--awb-padding-left:40px;--awb-padding-right-small:15px;--awb-padding-left-small:15px;--awb-overflow:hidden;--awb-bg-color:#cacaca;--awb-bg-color-hover:#cacaca;--awb-bg-image:linear-gradient(120deg, #ffffff 0%,rgba(225,176,83,0.3) 100%);--awb-bg-size:cover;--awb-border-color:#ebeef1;--awb-border-style:solid;--awb-border-radius:80px 0px 0px 0px;--awb-width-large:66.666666666667%;--awb-margin-top-large:40px;--awb-spacing-right-large:2.88%;--awb-margin-bottom-large:70px;--awb-spacing-left-large:2.88%;--awb-width-medium:66.666666666667%;--awb-order-medium:0;--awb-spacing-right-medium:2.88%;--awb-spacing-left-medium:2.88%;--awb-width-small:100%;--awb-order-small:0;--awb-spacing-right-small:0px;--awb-spacing-left-small:0px;\"><div class=\"fusion-column-wrapper fusion-column-has-shadow fusion-flex-justify-content-center fusion-content-layout-column\"><div class=\"fusion-image-element \" style=\"text-align:center;--awb-caption-title-font-family:var(--h2_typography-font-family);--awb-caption-title-font-weight:var(--h2_typography-font-weight);--awb-caption-title-font-style:var(--h2_typography-font-style);--awb-caption-title-size:var(--h2_typography-font-size);--awb-caption-title-transform:var(--h2_typography-text-transform);--awb-caption-title-line-height:var(--h2_typography-line-height);--awb-caption-title-letter-spacing:var(--h2_typography-letter-spacing);\"><span class=\" fusion-imageframe imageframe-none imageframe-2 hover-type-none fusion-animated\" data-animationType=\"fadeInDown\" data-animationDuration=\"0.3\" data-animationOffset=\"top-into-view\"><img decoding=\"async\" width=\"200\" height=\"91\" title=\"logo_luksushuvilat2-200&#215;91\" src=\"https:\/\/www.luksushuvilat.fi\/wp-content\/uploads\/2021\/02\/logo_luksushuvilat2-200x91-1.png\" alt class=\"img-responsive wp-image-2163\"\/><\/span><\/div><div class=\"fusion-separator fusion-full-width-sep\" style=\"align-self: center;margin-left: auto;margin-right: auto;margin-top:20px;margin-bottom:20px;width:100%;\"><\/div><div class=\"fusion-text fusion-text-1\"><p style=\"letter-spacing: 4px; font-size: 13px; margin-bottom: 0px;\">POLAR VILLAGE OY<br \/>\nBUSINESS ID 2656574-7<\/p>\n<h1>Rental terms and conditions<\/h1>\n<\/div><div class=\"fusion-separator\" style=\"align-self: flex-start;margin-right:auto;margin-top:0px;margin-bottom:20px;width:100%;max-width:25%;\"><div class=\"fusion-separator-border sep-single sep-solid\" style=\"--awb-height:20px;--awb-amount:20px;--awb-sep-color:#e1b053;border-color:#e1b053;border-top-width:2px;\"><\/div><\/div><div class=\"fusion-separator fusion-full-width-sep\" style=\"align-self: center;margin-left: auto;margin-right: auto;margin-top:20px;margin-bottom:20px;width:100%;\"><\/div><div class=\"fusion-text fusion-text-2\"><h2>Reservation and payment<\/h2>\n<p>Polar J\u00e4min varaus astuu voimaan asiakkaan maksettua varausmaksun 200 \u20ac viikon (7 vrk) sis\u00e4ll\u00e4 varausvahvistuksen l\u00e4hett\u00e4misen j\u00e4lkeen. Loppu vuokra tulee maksaa viimeist\u00e4\u00e4n 28 vrk ennen varauksen alkua. Mik\u00e4li Polar J\u00e4mi\u00e4 varattaessa varauksen alkuun on aikaa 28 vrk tai v\u00e4hemm\u00e4n, tapahtuu vuokran maksaminen viikon (7 vrk) sis\u00e4ll\u00e4 varausvahvistuksen l\u00e4hett\u00e4misen j\u00e4lkeen. Jos maksua ei suoriteta ilmoitettuun er\u00e4p\u00e4iv\u00e4\u00e4n menness\u00e4 voi Polar J\u00e4mi yksipuolisesti peruuttaa varauksen ja palauttaa kohteen myyntiin.<\/p>\n<h2>Peruutukset ja muutokset varauksissa<\/h2>\n<p><strong>Peruutus on aina teht\u00e4v\u00e4 viipym\u00e4tt\u00e4 ja kirjallisesti osoitteeseen villajami@villajami.fi.<\/strong><\/p>\n<p>Peruutus katsotaan tapahtuneeksi sill\u00e4 hetkell\u00e4, kun tieto peruutuksesta on saapunut. Varausmaksua ei palauteta, mik\u00e4li se on varausta peruttaessa jo maksettu. Sama koskee vuokran palautusta, kun peruutus tapahtuu enint\u00e4\u00e4n nelj\u00e4 viikkoa (28 vrk) ennen vuokrajakson alkua.<\/p>\n<p>Vuokra voidaan kuitenkin palauttaa peruutuksen tehneelle asiakkaalle silt\u00e4 osin, kuin mit\u00e4 Polar J\u00e4mi\u00e4 saadaan vuokrattua peruutuksen j\u00e4lkeen uudelle asiakkaalle. T\u00e4m\u00e4 poikkeus ei kuitenkaan koske varausmaksua, joka j\u00e4\u00e4 Polar J\u00e4mille my\u00f6s mahdollisen uuden asiakkaan vuokratessa peruutetun ajanjakson.<\/p>\n<p><strong>Mik\u00e4li asiakas muuttaa loman ajankohtaa tai peruuttaa osan varaamastaan ajasta, se katsotaan\u00a0<\/strong><strong>aikaisemman varauksen peruutuksena ja uutena varauksena.<\/strong>\u00a0Jos muutoksesta ei synny kohtuutonta vaivaa tai tulonmenetyst\u00e4 Polar J\u00e4mille, voidaan jo maksetulla takuumaksulla ja vuokralla korvata uuden varauksen takuumaksu ja mahdollisesti my\u00f6s osa vuokrasta.<\/p>\n<h2>Avainten luovutus, k\u00e4ytt\u00f6 ja palautus<\/h2>\n<p><strong>Villa J\u00e4mi on asiakkaan k\u00e4ytett\u00e4viss\u00e4 tulop\u00e4iv\u00e4st\u00e4 klo 16:00 l\u00e4ht\u00f6p\u00e4iv\u00e4\u00e4n klo 12:00<\/strong>, ellei toisin ole sovittu.<\/p>\n<p>Asiakkaalla on k\u00e4yt\u00f6ss\u00e4\u00e4n yksi (1) avain. Huvilan avain tulee l\u00e4htiess\u00e4 j\u00e4tt\u00e4\u00e4 eteisen avainnaulaan. Kadonneesta avaimesta perit\u00e4\u00e4n lukkojen vaihtamisesta aiheutuneet todelliset kustannukset.<\/p>\n<h2>Oleskelu ja siivous<\/h2>\n<p>Jokaisen vuokrauksen yhteydess\u00e4 on ilmoitettava y\u00f6pyjien lukum\u00e4\u00e4r\u00e4. Vuodepaikkoja on yhteens\u00e4 10 + 4. Polar J\u00e4min ja piha-alueen on oltava vuokrajakson p\u00e4\u00e4ttyess\u00e4 siistiss\u00e4 kunnossa.<\/p>\n<p>Ep\u00e4siistist\u00e4 huoneistosta perit\u00e4\u00e4n ylim\u00e4\u00e4r\u00e4isin\u00e4 siivouskuluina 100 \u20ac\/h, ja l\u00e4het\u00e4mme asiakkaalle laskun (Huom! kohta \u201dKun l\u00e4hdet huvilasta\u201d).<\/p>\n<h2>Tupakointi ja kotiel\u00e4imet<\/h2>\n<p>Sis\u00e4tiloissa tupakointi on kielletty. Tupakointipaikat etu- ja takaterassien ulkokulmissa. Luvattomasta tupakoinnista veloitetaan 300 \u20ac tuuletus\/siivousmaksu. Kotiel\u00e4inten tuominen Polar J\u00e4miin on sallittu mutta siit\u00e4 t\u00e4ytyy sopia erikseen. Polar J\u00e4mi ei vastaa luvattomasta tupakoinnista tai el\u00e4inp\u00f6lyst\u00e4 aiheutuneista allergiaoireista tai muista vastaavista ongelmista asiakkaille.<\/p>\n<h2>Vauriot, puutteet ja reklamaatiot<\/h2>\n<p>Kaikki huvilan varustukseen ja kuntoon liittyv\u00e4t huomautukset tulee osoittaa v\u00e4litt\u00f6m\u00e4sti vuokranantajalle, jolloin ne voidaan mahdollisuuksien mukaan korjata tai kompensoida. Jos haittatekij\u00e4\u00e4 ei voida heti kompensoida, on asiasta teht\u00e4v\u00e4 v\u00e4lit\u00f6n kirjallinen reklamaatio osoitteeseen villajami@villajami.fi. J\u00e4lkik\u00e4teen tehtyj\u00e4 valituksia ei huomioida.<\/p>\n<p>Asiakas on my\u00f6s velvollinen ilmoittamaan v\u00e4litt\u00f6m\u00e4sti ja korvaamaan huvilalle ja sen irtaimistolle aiheuttamansa vahingot. Ilmoittamattomat vauriot laskutetaan todellisten kulujen mukaan j\u00e4lkik\u00e4teen takuumaksusta, ja tarvittaessa l\u00e4het\u00e4mme asiakkaalle lis\u00e4laskun.<\/p>\n<p>Polar J\u00e4mi ei vastaa niist\u00e4 virheist\u00e4 huvilan ennakkotiedoissa, jotka ovat syntyneet \u00e4killisten olosuhdemuutosten takia (esim. lumi- tai j\u00e4\u00e4tilanteen muutos, rakennusty\u00f6t naapuritonteilla tms.).<\/p>\n<h2>Kun l\u00e4hdet huvilasta<\/h2>\n<ul>\n<li>Vie roskat ulos roska-astiaan<\/li>\n<li>Pullot ja t\u00f6lkit ker\u00e4ysastioihin<\/li>\n<li>Pese likaiset astiat ja tyhjenn\u00e4 astianpesukone<\/li>\n<li>Imuroi lattiat (s\u00e4hk\u00f6k\u00e4ytt\u00f6inen imuri l\u00f6ytyy siivouskaapista: Huom! rikkaimurilla imurointi ei riit\u00e4)<\/li>\n<li>Puhdista p\u00f6ytien pinnat<\/li>\n<li>Tavarat\/kalusteet omille paikoilleen<\/li>\n<li>K\u00e4ytetyt lakanat\/pyyhkeet kodinhoitohuoneeseen<\/li>\n<li>Tarkista ett\u00e4 ulkoaltaan termokansi on paikoillaan ja ett\u00e4 poreallas toimii (l\u00e4mp\u00f6tila +37)<\/li>\n<li>Sammuta valot (kotona pois)<\/li>\n<li>Lukitse kaikki ovet ja ikkunat<\/li>\n<li>J\u00e4t\u00e4 avain sis\u00e4lle eteisen naulaan<\/li>\n<\/ul>\n<h2>Muita ohjeita Polar J\u00e4miss\u00e4<\/h2>\n<ul>\n<li>Varomaton tulen k\u00e4sittely, kuten esimerkiksi kynttil\u00f6iden j\u00e4tt\u00e4minen valvomatta, avotulen k\u00e4ytt\u00f6 ja t\u00e4htis\u00e4detikkujen polttaminen kielletty<\/li>\n<li>Talotekniikan ja -s\u00e4\u00e4t\u00f6jen muuttaminen kielletty<\/li>\n<li>Peit\u00e4 ulkoporeallas aina k\u00e4yt\u00f6n j\u00e4lkeen kannella<\/li>\n<li>Peseydy huolellisesti ennen kun menet ulkoporealtaaseen<\/li>\n<li>Huolehdi, ett\u00e4 porealtaan veden pinta ei laske k\u00e4yt\u00f6n aikana niin ett\u00e4 suuttimiin menee ilmaa ja poreallas lakkaa toimimasta (Varmista kun l\u00e4hdet huvilasta ett\u00e4 poreallas toimii ja vett\u00e4 on riitt\u00e4v\u00e4sti)<\/li>\n<li>\u00c4l\u00e4 likaa ja roskaa poreallasta<\/li>\n<li>Huom! Porealtaan puhdistamisesta ja veden vaihtamisesta perit\u00e4\u00e4n 100 \u20ac\/h ja l\u00e4het\u00e4mme asiakkaalle laskun<\/li>\n<li>Ulkoporealtaan k\u00e4ytt\u00f6 aina omalla vastuulla ja erityist\u00e4 varovaisuutta noudattaen esim. yleinen liukkaus talvella<\/li>\n<li>Ilmoita vahingoista v\u00e4litt\u00f6m\u00e4sti<\/li>\n<li>Tutustu poistumisreitteihin ja sammutuskalustoon heti, kun tulet huvilaan<\/li>\n<\/ul>\n<\/div><\/div><\/div><div class=\"fusion-layout-column fusion_builder_column fusion-builder-column-5 fusion_builder_column_1_6 1_6 fusion-flex-column\" style=\"--awb-bg-size:cover;--awb-width-large:16.666666666667%;--awb-margin-top-large:0px;--awb-spacing-right-large:11.52%;--awb-margin-bottom-large:20px;--awb-spacing-left-large:11.52%;--awb-width-medium:16.666666666667%;--awb-order-medium:0;--awb-spacing-right-medium:11.52%;--awb-spacing-left-medium:11.52%;--awb-width-small:100%;--awb-order-small:0;--awb-spacing-right-small:1.92%;--awb-spacing-left-small:1.92%;\"><div class=\"fusion-column-wrapper fusion-column-has-shadow fusion-flex-justify-content-flex-start fusion-content-layout-column\"><\/div><\/div><\/div><\/div><\/div><\/p>\n","protected":false},"excerpt":{"rendered":"","protected":false},"author":8,"featured_media":0,"parent":0,"menu_order":0,"comment_status":"closed","ping_status":"closed","template":"100-width.php","meta":{"footnotes":""},"class_list":["post-2954","page","type-page","status-publish","hentry"],"yoast_head":"<!-- This site is optimized with the Yoast SEO plugin v26.2 - https:\/\/yoast.com\/wordpress\/plugins\/seo\/ -->\n<title>Rental terms and conditions Polar J\u00e4mi - Luksushuvilat<\/title>\n<meta name=\"robots\" content=\"index, follow, max-snippet:-1, max-image-preview:large, max-video-preview:-1\" \/>\n<link rel=\"canonical\" href=\"https:\/\/www.luksushuvilat.fi\/en\/rental-terms-and-conditions-polar-jami\/\" \/>\n<meta property=\"og:locale\" content=\"en_US\" \/>\n<meta property=\"og:type\" content=\"article\" \/>\n<meta property=\"og:title\" content=\"Rental terms and conditions Polar J\u00e4mi - Luksushuvilat\" \/>\n<meta property=\"og:url\" content=\"https:\/\/www.luksushuvilat.fi\/en\/rental-terms-and-conditions-polar-jami\/\" \/>\n<meta property=\"og:site_name\" content=\"Luksushuvilat\" \/>\n<meta property=\"article:modified_time\" content=\"2021-04-14T15:07:37+00:00\" \/>\n<meta name=\"twitter:card\" content=\"summary_large_image\" \/>\n<meta name=\"twitter:label1\" content=\"Est. reading time\" \/>\n\t<meta name=\"twitter:data1\" content=\"18 minutes\" \/>\n<script type=\"application\/ld+json\" class=\"yoast-schema-graph\">{\"@context\":\"https:\/\/schema.org\",\"@graph\":[{\"@type\":\"WebPage\",\"@id\":\"https:\/\/www.luksushuvilat.fi\/en\/rental-terms-and-conditions-polar-jami\/\",\"url\":\"https:\/\/www.luksushuvilat.fi\/en\/rental-terms-and-conditions-polar-jami\/\",\"name\":\"Rental terms and conditions Polar J\u00e4mi - Luksushuvilat\",\"isPartOf\":{\"@id\":\"https:\/\/www.luksushuvilat.fi\/#website\"},\"datePublished\":\"2021-04-14T15:01:50+00:00\",\"dateModified\":\"2021-04-14T15:07:37+00:00\",\"breadcrumb\":{\"@id\":\"https:\/\/www.luksushuvilat.fi\/en\/rental-terms-and-conditions-polar-jami\/#breadcrumb\"},\"inLanguage\":\"en-US\",\"potentialAction\":[{\"@type\":\"ReadAction\",\"target\":[\"https:\/\/www.luksushuvilat.fi\/en\/rental-terms-and-conditions-polar-jami\/\"]}]},{\"@type\":\"BreadcrumbList\",\"@id\":\"https:\/\/www.luksushuvilat.fi\/en\/rental-terms-and-conditions-polar-jami\/#breadcrumb\",\"itemListElement\":[{\"@type\":\"ListItem\",\"position\":1,\"name\":\"Etusivu\",\"item\":\"https:\/\/www.luksushuvilat.fi\/\"},{\"@type\":\"ListItem\",\"position\":2,\"name\":\"Rental terms and conditions Polar J\u00e4mi\"}]},{\"@type\":\"WebSite\",\"@id\":\"https:\/\/www.luksushuvilat.fi\/#website\",\"url\":\"https:\/\/www.luksushuvilat.fi\/\",\"name\":\"Luksushuvilat\",\"description\":\"Luksusta luonnon helmassa\",\"potentialAction\":[{\"@type\":\"SearchAction\",\"target\":{\"@type\":\"EntryPoint\",\"urlTemplate\":\"https:\/\/www.luksushuvilat.fi\/?s={search_term_string}\"},\"query-input\":{\"@type\":\"PropertyValueSpecification\",\"valueRequired\":true,\"valueName\":\"search_term_string\"}}],\"inLanguage\":\"en-US\"}]}<\/script>\n<!-- \/ Yoast SEO plugin. -->","yoast_head_json":{"title":"Rental terms and conditions Polar J\u00e4mi - Luksushuvilat","robots":{"index":"index","follow":"follow","max-snippet":"max-snippet:-1","max-image-preview":"max-image-preview:large","max-video-preview":"max-video-preview:-1"},"canonical":"https:\/\/www.luksushuvilat.fi\/en\/rental-terms-and-conditions-polar-jami\/","og_locale":"en_US","og_type":"article","og_title":"Rental terms and conditions Polar J\u00e4mi - Luksushuvilat","og_url":"https:\/\/www.luksushuvilat.fi\/en\/rental-terms-and-conditions-polar-jami\/","og_site_name":"Luksushuvilat","article_modified_time":"2021-04-14T15:07:37+00:00","twitter_card":"summary_large_image","twitter_misc":{"Est. reading time":"18 minutes"},"schema":{"@context":"https:\/\/schema.org","@graph":[{"@type":"WebPage","@id":"https:\/\/www.luksushuvilat.fi\/en\/rental-terms-and-conditions-polar-jami\/","url":"https:\/\/www.luksushuvilat.fi\/en\/rental-terms-and-conditions-polar-jami\/","name":"Rental terms and conditions Polar J\u00e4mi - Luksushuvilat","isPartOf":{"@id":"https:\/\/www.luksushuvilat.fi\/#website"},"datePublished":"2021-04-14T15:01:50+00:00","dateModified":"2021-04-14T15:07:37+00:00","breadcrumb":{"@id":"https:\/\/www.luksushuvilat.fi\/en\/rental-terms-and-conditions-polar-jami\/#breadcrumb"},"inLanguage":"en-US","potentialAction":[{"@type":"ReadAction","target":["https:\/\/www.luksushuvilat.fi\/en\/rental-terms-and-conditions-polar-jami\/"]}]},{"@type":"BreadcrumbList","@id":"https:\/\/www.luksushuvilat.fi\/en\/rental-terms-and-conditions-polar-jami\/#breadcrumb","itemListElement":[{"@type":"ListItem","position":1,"name":"Etusivu","item":"https:\/\/www.luksushuvilat.fi\/"},{"@type":"ListItem","position":2,"name":"Rental terms and conditions Polar J\u00e4mi"}]},{"@type":"WebSite","@id":"https:\/\/www.luksushuvilat.fi\/#website","url":"https:\/\/www.luksushuvilat.fi\/","name":"Luksushuvilat","description":"Luksusta luonnon helmassa","potentialAction":[{"@type":"SearchAction","target":{"@type":"EntryPoint","urlTemplate":"https:\/\/www.luksushuvilat.fi\/?s={search_term_string}"},"query-input":{"@type":"PropertyValueSpecification","valueRequired":true,"valueName":"search_term_string"}}],"inLanguage":"en-US"}]}},"_links":{"self":[{"href":"https:\/\/www.luksushuvilat.fi\/en\/wp-json\/wp\/v2\/pages\/2954","targetHints":{"allow":["GET"]}}],"collection":[{"href":"https:\/\/www.luksushuvilat.fi\/en\/wp-json\/wp\/v2\/pages"}],"about":[{"href":"https:\/\/www.luksushuvilat.fi\/en\/wp-json\/wp\/v2\/types\/page"}],"author":[{"embeddable":true,"href":"https:\/\/www.luksushuvilat.fi\/en\/wp-json\/wp\/v2\/users\/8"}],"replies":[{"embeddable":true,"href":"https:\/\/www.luksushuvilat.fi\/en\/wp-json\/wp\/v2\/comments?post=2954"}],"version-history":[{"count":7,"href":"https:\/\/www.luksushuvilat.fi\/en\/wp-json\/wp\/v2\/pages\/2954\/revisions"}],"predecessor-version":[{"id":2983,"href":"https:\/\/www.luksushuvilat.fi\/en\/wp-json\/wp\/v2\/pages\/2954\/revisions\/2983"}],"wp:attachment":[{"href":"https:\/\/www.luksushuvilat.fi\/en\/wp-json\/wp\/v2\/media?parent=2954"}],"curies":[{"name":"wp","href":"https:\/\/api.w.org\/{rel}","templated":true}]}}