{"id":2911,"date":"2021-04-14T14:51:52","date_gmt":"2021-04-14T14:51:52","guid":{"rendered":"https:\/\/www.luksushuvilat.fi\/rental-terms-villa-jami\/"},"modified":"2021-04-14T15:06:21","modified_gmt":"2021-04-14T15:06:21","slug":"rental-terms-villa-jami","status":"publish","type":"page","link":"https:\/\/www.luksushuvilat.fi\/en\/rental-terms-villa-jami\/","title":{"rendered":"Rental terms Villa J\u00e4mi"},"content":{"rendered":"<p><div class=\"fusion-fullwidth fullwidth-box fusion-builder-row-1 fusion-flex-container nonhundred-percent-fullwidth non-hundred-percent-height-scrolling\" style=\"--awb-border-radius-top-left:0px;--awb-border-radius-top-right:0px;--awb-border-radius-bottom-right:0px;--awb-border-radius-bottom-left:0px;--awb-flex-wrap:wrap;\" ><div class=\"fusion-builder-row fusion-row fusion-flex-align-items-flex-start fusion-flex-content-wrap\" style=\"max-width:1248px;margin-left: calc(-4% \/ 2 );margin-right: calc(-4% \/ 2 );\"><div class=\"fusion-layout-column fusion_builder_column fusion-builder-column-0 fusion_builder_column_1_6 1_6 fusion-flex-column\" style=\"--awb-bg-size:cover;--awb-width-large:16.666666666667%;--awb-margin-top-large:0px;--awb-spacing-right-large:11.52%;--awb-margin-bottom-large:20px;--awb-spacing-left-large:11.52%;--awb-width-medium:16.666666666667%;--awb-order-medium:0;--awb-spacing-right-medium:11.52%;--awb-spacing-left-medium:11.52%;--awb-width-small:100%;--awb-order-small:0;--awb-spacing-right-small:1.92%;--awb-spacing-left-small:1.92%;\"><div class=\"fusion-column-wrapper fusion-column-has-shadow fusion-flex-justify-content-flex-start fusion-content-layout-column\"><\/div><\/div><div class=\"fusion-layout-column fusion_builder_column fusion-builder-column-1 fusion_builder_column_2_3 2_3 fusion-flex-column\" style=\"--awb-padding-top:20px;--awb-padding-bottom:20px;--awb-bg-size:cover;--awb-width-large:66.666666666667%;--awb-margin-top-large:0px;--awb-spacing-right-large:2.88%;--awb-margin-bottom-large:20px;--awb-spacing-left-large:2.88%;--awb-width-medium:66.666666666667%;--awb-order-medium:0;--awb-spacing-right-medium:2.88%;--awb-spacing-left-medium:2.88%;--awb-width-small:100%;--awb-order-small:0;--awb-spacing-right-small:1.92%;--awb-spacing-left-small:1.92%;\"><div class=\"fusion-column-wrapper fusion-column-has-shadow fusion-flex-justify-content-flex-start fusion-content-layout-column\"><div class=\"fusion-separator fusion-has-icon\" style=\"align-self: center;margin-left: auto;margin-right: auto;margin-top:10px;width:100%;max-width:50%;\"><div class=\"fusion-separator-border sep-single sep-solid\" style=\"--awb-height:20px;--awb-amount:20px;--awb-sep-color:#e1b053;border-color:#e1b053;border-top-width:2px;\"><\/div><span class=\"icon-wrapper\" style=\"border-color:transparent;font-size:20px;width: 1.75em; height: 1.75em;border-width:2px;padding:2px;margin-top:-1px\"><i class=\"fa-home fas\" style=\"font-size: inherit;color:#e1b053;\" aria-hidden=\"true\"><\/i><\/span><div class=\"fusion-separator-border sep-single sep-solid\" style=\"--awb-height:20px;--awb-amount:20px;--awb-sep-color:#e1b053;border-color:#e1b053;border-top-width:2px;\"><\/div><\/div><div class=\"fusion-title title fusion-title-1 fusion-sep-none fusion-title-center fusion-title-text fusion-title-size-six\" style=\"--awb-text-color:#607d8b;\"><h6 class=\"fusion-title-heading title-heading-center\" style=\"margin:0;\">We comply with the following terms and conditions when renting out Villa J\u00e4mi. The terms will bind both parties\u00a0once the customer has paid the booking fee mentioned in these terms and conditions.<\/h6><\/div><div class=\"fusion-separator fusion-full-width-sep\" style=\"align-self: center;margin-left: auto;margin-right: auto;margin-top:20px;margin-bottom:20px;width:100%;\"><\/div><div class=\"fusion-image-element \" style=\"text-align:center;--awb-caption-title-font-family:var(--h2_typography-font-family);--awb-caption-title-font-weight:var(--h2_typography-font-weight);--awb-caption-title-font-style:var(--h2_typography-font-style);--awb-caption-title-size:var(--h2_typography-font-size);--awb-caption-title-transform:var(--h2_typography-text-transform);--awb-caption-title-line-height:var(--h2_typography-line-height);--awb-caption-title-letter-spacing:var(--h2_typography-letter-spacing);\"><span class=\" fusion-imageframe imageframe-none imageframe-1 hover-type-none\"><img decoding=\"async\" width=\"200\" height=\"116\" title=\"logo_Villa_J\u00e4mi_200x116\" src=\"https:\/\/www.luksushuvilat.fi\/wp-content\/uploads\/2021\/02\/logo_Villa_Jami_200x116.png\" alt class=\"img-responsive wp-image-2166\"\/><\/span><\/div><div class=\"fusion-separator fusion-full-width-sep\" style=\"align-self: center;margin-left: auto;margin-right: auto;margin-top:20px;margin-bottom:20px;width:100%;\"><\/div><\/div><\/div><div class=\"fusion-layout-column fusion_builder_column fusion-builder-column-2 fusion_builder_column_1_6 1_6 fusion-flex-column\" style=\"--awb-bg-size:cover;--awb-width-large:16.666666666667%;--awb-margin-top-large:0px;--awb-spacing-right-large:11.52%;--awb-margin-bottom-large:20px;--awb-spacing-left-large:11.52%;--awb-width-medium:16.666666666667%;--awb-order-medium:0;--awb-spacing-right-medium:11.52%;--awb-spacing-left-medium:11.52%;--awb-width-small:100%;--awb-order-small:0;--awb-spacing-right-small:1.92%;--awb-spacing-left-small:1.92%;\"><div class=\"fusion-column-wrapper fusion-column-has-shadow fusion-flex-justify-content-flex-start fusion-content-layout-column\"><\/div><\/div><\/div><\/div><div id=\"Rental terms and conditions\" class=\"fusion-container-anchor\"><div class=\"fusion-fullwidth fullwidth-box fusion-builder-row-2 fusion-flex-container nonhundred-percent-fullwidth non-hundred-percent-height-scrolling\" style=\"--awb-border-sizes-left:0px;--awb-border-sizes-right:0px;--awb-border-radius-top-left:0px;--awb-border-radius-top-right:0px;--awb-border-radius-bottom-right:0px;--awb-border-radius-bottom-left:0px;--awb-padding-right-small:0px;--awb-padding-left-small:0px;--awb-margin-top:0px;--awb-margin-bottom:0px;--awb-background-image:linear-gradient(120deg, rgba(255,255,255,0.05) 0%,rgba(0,0,0,0.2) 100%);--awb-flex-wrap:wrap;\" ><div class=\"fusion-builder-row fusion-row fusion-flex-align-items-flex-start fusion-flex-content-wrap\" style=\"max-width:1248px;margin-left: calc(-4% \/ 2 );margin-right: calc(-4% \/ 2 );\"><div class=\"fusion-layout-column fusion_builder_column fusion-builder-column-3 fusion_builder_column_1_6 1_6 fusion-flex-column\" style=\"--awb-bg-size:cover;--awb-width-large:16.666666666667%;--awb-margin-top-large:0px;--awb-spacing-right-large:11.52%;--awb-margin-bottom-large:20px;--awb-spacing-left-large:11.52%;--awb-width-medium:16.666666666667%;--awb-order-medium:0;--awb-spacing-right-medium:11.52%;--awb-spacing-left-medium:11.52%;--awb-width-small:100%;--awb-order-small:0;--awb-spacing-right-small:1.92%;--awb-spacing-left-small:1.92%;\"><div class=\"fusion-column-wrapper fusion-column-has-shadow fusion-flex-justify-content-flex-start fusion-content-layout-column\"><\/div><\/div><div class=\"fusion-layout-column fusion_builder_column fusion-builder-column-4 fusion_builder_column_2_3 2_3 fusion-flex-column fusion-flex-align-self-center\" style=\"--awb-padding-top:20px;--awb-padding-right:40px;--awb-padding-bottom:40px;--awb-padding-left:40px;--awb-padding-right-small:15px;--awb-padding-left-small:15px;--awb-overflow:hidden;--awb-bg-color:#cacaca;--awb-bg-color-hover:#cacaca;--awb-bg-image:linear-gradient(120deg, #ffffff 0%,rgba(225,176,83,0.3) 100%);--awb-bg-size:cover;--awb-border-color:#ebeef1;--awb-border-style:solid;--awb-border-radius:80px 0px 0px 0px;--awb-width-large:66.666666666667%;--awb-margin-top-large:40px;--awb-spacing-right-large:2.88%;--awb-margin-bottom-large:70px;--awb-spacing-left-large:2.88%;--awb-width-medium:66.666666666667%;--awb-order-medium:0;--awb-spacing-right-medium:2.88%;--awb-spacing-left-medium:2.88%;--awb-width-small:100%;--awb-order-small:0;--awb-spacing-right-small:0px;--awb-spacing-left-small:0px;\"><div class=\"fusion-column-wrapper fusion-column-has-shadow fusion-flex-justify-content-center fusion-content-layout-column\"><div class=\"fusion-image-element \" style=\"text-align:center;--awb-caption-title-font-family:var(--h2_typography-font-family);--awb-caption-title-font-weight:var(--h2_typography-font-weight);--awb-caption-title-font-style:var(--h2_typography-font-style);--awb-caption-title-size:var(--h2_typography-font-size);--awb-caption-title-transform:var(--h2_typography-text-transform);--awb-caption-title-line-height:var(--h2_typography-line-height);--awb-caption-title-letter-spacing:var(--h2_typography-letter-spacing);\"><span class=\" fusion-imageframe imageframe-none imageframe-2 hover-type-none fusion-animated\" data-animationType=\"fadeInDown\" data-animationDuration=\"0.3\" data-animationOffset=\"top-into-view\"><img decoding=\"async\" width=\"200\" height=\"91\" title=\"logo_luksushuvilat2-200&#215;91\" src=\"https:\/\/www.luksushuvilat.fi\/wp-content\/uploads\/2021\/02\/logo_luksushuvilat2-200x91-1.png\" alt class=\"img-responsive wp-image-2163\"\/><\/span><\/div><div class=\"fusion-separator fusion-full-width-sep\" style=\"align-self: center;margin-left: auto;margin-right: auto;margin-top:20px;margin-bottom:20px;width:100%;\"><\/div><div class=\"fusion-text fusion-text-1\"><p style=\"letter-spacing: 4px; font-size: 13px; margin-bottom: 0px;\">VILLA J\u00c4MI OY<br \/>\nBUSINESS ID 2328677-7<\/p>\n<h1>Rental terms and conditions<\/h1>\n<\/div><div class=\"fusion-separator\" style=\"align-self: flex-start;margin-right:auto;margin-top:0px;margin-bottom:20px;width:100%;max-width:25%;\"><div class=\"fusion-separator-border sep-single sep-solid\" style=\"--awb-height:20px;--awb-amount:20px;--awb-sep-color:#e1b053;border-color:#e1b053;border-top-width:2px;\"><\/div><\/div><div class=\"fusion-separator fusion-full-width-sep\" style=\"align-self: center;margin-left: auto;margin-right: auto;margin-top:20px;margin-bottom:20px;width:100%;\"><\/div><div class=\"fusion-text fusion-text-2\"><h2>Reservation and payment<\/h2>\n<p>Villa J\u00e4min varaus astuu voimaan asiakkaan maksettua varausmaksun 300 EUR viikon (7 vrk) sis\u00e4ll\u00e4 varausvahvistuksen l\u00e4hett\u00e4misen j\u00e4lkeen.\u00a0<strong>Varausmaksu toimii samalla takuumaksuna ja se palautetaan\u00a0<\/strong><strong>asiakkaalle vuokrauksen p\u00e4\u00e4tytty\u00e4 huvilan ja sen ymp\u00e4rist\u00f6n ollessa moitteettomassa kunnossa.\u00a0<\/strong>Vuokra lis\u00e4palveluineen tulee maksaa viimeist\u00e4\u00e4n nelj\u00e4 viikkoa (28 vrk) ennen varauksen alkua. Mik\u00e4li Villa J\u00e4mi\u00e4 varattaessa varauksen alkuun on aikaa nelj\u00e4 viikkoa (28 vrk) tai v\u00e4hemm\u00e4n, tapahtuu vuokran ja takuumaksun maksaminen samanaikaisesti viikon (7 vrk) sis\u00e4ll\u00e4 varausvahvistuksen l\u00e4hett\u00e4misen j\u00e4lkeen.\u00a0<strong>Jos maksua ei suoriteta ilmoitettuun er\u00e4p\u00e4iv\u00e4\u00e4n menness\u00e4 voi Villa J\u00e4mi\u00a0<\/strong><strong>yksipuolisesti peruuttaa varauksen ja palauttaa kohteen myyntiin.<\/strong><\/p>\n<h2>Peruutukset ja muutokset varauksissa<\/h2>\n<p><strong>Peruutus on aina teht\u00e4v\u00e4 viipym\u00e4tt\u00e4 ja kirjallisesti osoitteeseen villajami@villajami.fi.\u00a0<\/strong>Peruutus katsotaan tapahtuneeksi sill\u00e4 hetkell\u00e4, kun tieto peruutuksesta on saapunut. Varausmaksua ei palauteta, mik\u00e4li se on varausta peruttaessa jo maksettu. Sama koskee vuokran palautusta, kun peruutus tapahtuu enint\u00e4\u00e4n nelj\u00e4 viikkoa (28 vrk) ennen vuokrajakson alkua.<\/p>\n<p>Vuokra voidaan kuitenkin palauttaa peruutuksen tehneelle asiakkaalle silt\u00e4 osin, kuin mit\u00e4 Villa J\u00e4mi\u00e4 saadaan vuokrattua peruutuksen j\u00e4lkeen uudelle asiakkaalle. T\u00e4m\u00e4 poikkeus ei kuitenkaan koske varausmaksua, joka j\u00e4\u00e4 Villa J\u00e4mille my\u00f6s mahdollisen uuden asiakkaan vuokratessa peruutetun ajanjakson.<\/p>\n<p><strong>Mik\u00e4li asiakas muuttaa loman ajankohtaa tai peruuttaa osan varaamastaan ajasta, se katsotaan\u00a0<\/strong><strong>aikaisemman varauksen peruutuksena ja uutena varauksena.<\/strong>\u00a0Jos muutoksesta ei synny kohtuutonta vaivaa tai tulonmenetyst\u00e4 Villa J\u00e4mille, voidaan jo maksetulla takuumaksulla ja vuokralla korvata uuden varauksen takuumaksu ja mahdollisesti my\u00f6s osa vuokrasta.<\/p>\n<h2>Avainten luovutus, k\u00e4ytt\u00f6 ja palautus<\/h2>\n<p><strong>Villa J\u00e4mi on asiakkaan k\u00e4ytett\u00e4viss\u00e4 tulop\u00e4iv\u00e4st\u00e4 klo 16:00 l\u00e4ht\u00f6p\u00e4iv\u00e4\u00e4n klo 12:00<\/strong>, ellei toisin ole sovittu. Asiakkaalla on k\u00e4yt\u00f6ss\u00e4\u00e4n yksi (1) avain. Huvilan avain tulee l\u00e4htiess\u00e4 j\u00e4tt\u00e4\u00e4 eteisen avainkaappiin. Kadonneesta avaimesta perit\u00e4\u00e4n lukkojen vaihtamisesta aiheutuneet todelliset kustannukset.<\/p>\n<h2>Oleskelu Villa J\u00e4miss\u00e4<\/h2>\n<p>Villa J\u00e4min vuokraan kuuluu huvilan vapaa k\u00e4ytt\u00f6oikeus (poisluettuna Savusaunan ja takkatuvan k\u00e4ytt\u00f6 ja Honkakodan k\u00e4ytt\u00f6 ellei niit\u00e4 ole erikseen vuokrattu).<\/p>\n<p>Villa J\u00e4min alakerran varastohuone on vuokranantajan k\u00e4yt\u00f6ss\u00e4. Jokaisen vuokrauksen yhteydess\u00e4 on ilmoitettava y\u00f6pyjien lukum\u00e4\u00e4r\u00e4. Vuodepaikkoja on yhteens\u00e4 15 + 2 varapatjaa.<\/p>\n<p><strong>Mik\u00e4li vuoteita ja liinavaatteita k\u00e4ytet\u00e4\u00e4n useamman henkil\u00f6n osalta kuin mit\u00e4 on etuk\u00e4teen ilmoitettu, veloitetaan takuumaksusta ylim\u00e4\u00e4r\u00e4iset liinavaatekustannukset.<\/strong><\/p>\n<p>Jokaisen vuokrauksen hintaan kuuluu loppusiivous (lattioiden pesu, wc tilojen pesu, saunatilojen pesu, liinavaatteiden vaihto\/pesu jos ne on vuokrattu). Vuokra-ajan aikana asukas huolehtii kuitenkin itse huvilan siistin\u00e4 pit\u00e4misest\u00e4. Villa J\u00e4min on oltava vuokrajakson p\u00e4\u00e4ttyess\u00e4 normaalissa kunnossa niin kuin se oli vuokrauksen alkaessa. T\u00e4m\u00e4 tarkoittaa, ett\u00e4 likaiset astiat on pesty, roskat on tyhjennetty molok j\u00e4teastiaan, huonekalut ja muut tavarat ovat alkuper\u00e4isill\u00e4 paikoillaan, p\u00f6yt\u00e4pinnat pyyhitty sek\u00e4 itse aiheutetut tahrat ja roskat on poistettu huonekalujen ja huoneiden lattiapinnoilta (imurointi).<\/p>\n<p><strong>Ep\u00e4siistist\u00e4 huoneistosta perit\u00e4\u00e4n ylim\u00e4\u00e4r\u00e4isin\u00e4 siivouskuluina 100 EUR\/h, ja t\u00e4m\u00e4 veloitetaan maksetusta takuumaksusta. Tarvittaessa l\u00e4het\u00e4mme asiakkaalle lis\u00e4laskun.<\/strong><\/p>\n<h2>Vauriot, puutteet ja reklamaatiot<\/h2>\n<p>Kaikki huvilan varustukseen ja kuntoon liittyv\u00e4t huomautukset tulee osoittaa v\u00e4litt\u00f6m\u00e4sti vuokranantajalle, jolloin ne voidaan mahdollisuuksien mukaan korjata tai kompensoida. Jos haittatekij\u00e4\u00e4 ei voida heti kompensoida, on asiasta teht\u00e4v\u00e4 v\u00e4lit\u00f6n kirjallinen reklamaatio osoitteeseen villajami@villajami.fi. J\u00e4lkik\u00e4teen tehtyj\u00e4 valituksia ei huomioida.\u00a0<strong>Asiakas on my\u00f6s velvollinen ilmoittamaan v\u00e4litt\u00f6m\u00e4sti ja korvaamaan huvilalle ja sen irtaimistolle aiheuttamansa vahingot.<\/strong>\u00a0Ilmoittamattomat vauriot laskutetaan todellisten kulujen mukaan j\u00e4lkik\u00e4teen takuumaksusta, ja tarvittaessa l\u00e4het\u00e4mme asiakkaalle lis\u00e4laskun. Villa J\u00e4mi ei vastaa niist\u00e4 virheist\u00e4 huvilan ennakkotiedoissa, jotka ovat syntyneet \u00e4killisten olosuhdemuutosten takia (esim. lumi- tai j\u00e4\u00e4tilanteen muutos, rakennusty\u00f6t naapuritonteilla tms.).<\/p>\n<h2>Lapsivarustus<\/h2>\n<p>Villa J\u00e4miss\u00e4 on pienille lapsille oma varustuksensa. T\u00e4h\u00e4n kuuluu yksi lasten matkas\u00e4nky, potta ja kaksi lasten sy\u00f6tt\u00f6tuolia sek\u00e4 yksi (1) lasten turvaportti keskikerroksen portaikkoon. Lapsivarustus on jokaisen asiakkaan k\u00e4yt\u00f6ss\u00e4 ilman eri maksua, mutta niiden tarpeesta on mainittava erikseen varausta tehdess\u00e4.<\/p>\n<h2>Tupakointi ja kotiel\u00e4imet<\/h2>\n<p>Sis\u00e4tiloissa ja katetuilla terasseilla tupakointi on\u00a0<strong>ehdottomasti kielletty<\/strong>. Tupakointi sallittu vain tupakoinnille osoitetuilla tupakointipaikoilla.\u00a0<strong>Luvattomasta sis\u00e4ll\u00e4 tai terassialueella tupakoinnista veloitetaan 300 EUR tuuletus\/siivousmaksu.\u00a0<\/strong>Kotiel\u00e4inten tuominen Villa J\u00e4miin ehdottomasti kielletty. Villa J\u00e4mi ei vastaa luvattomasta tupakoinnista tai el\u00e4inp\u00f6lyst\u00e4 aiheutuneista allergiaoireista tai muista vastaavista ongelmista asiakkaille.<\/p>\n<h2>Muita Villa J\u00e4miss\u00e4 kiellettyj\u00e4 asioita<\/h2>\n<ul>\n<li>Tupakantumppien tai roskien heitt\u00e4minen luontoon, pihamaalle tai terassille<\/li>\n<li>Ilotulitteiden k\u00e4ytt\u00f6 sis\u00e4tiloissa tai rakennusten v\u00e4litt\u00f6m\u00e4ss\u00e4 l\u00e4heisyydess\u00e4<\/li>\n<li>Varomaton tulen k\u00e4sittely, kuten esimerkiksi kynttil\u00f6iden j\u00e4tt\u00e4minen valvomatta, avotulen k\u00e4ytt\u00f6 ja t\u00e4htis\u00e4detikkujen polttaminen Huom! Tuikkukynttil\u00f6iden polttaminen sallittu niille kuuluvissa tuikkuastioissa, tavallisten kynttil\u00f6iden polttaminen kielletty<\/li>\n<li>Vaaran aiheuttaminen<\/li>\n<li>Takkojen tulipesien tuhkien laitto muualle kuin t\u00e4h\u00e4n tarkoitukseen varattuun astiaan<\/li>\n<li>S\u00e4hk\u00f6saunan ja h\u00f6yrysaunan liian pitk\u00e4aikainen l\u00e4mmitys<\/li>\n<li>Juomien vieminen spa-osastolle lasipulloissa tai lasisissa juomalaseissa<\/li>\n<li>Juomien nauttiminen ulkoporealtaassa<\/li>\n<li>Juomien s\u00e4ilytt\u00e4minen ulkoporealtaan reunalla<\/li>\n<li>Irtaimiston vahingoittaminen tai luvaton haltuunotto<\/li>\n<li>Talotekniikan ja -s\u00e4\u00e4t\u00f6jen muuttaminen<\/li>\n<\/ul>\n<h2>Muita ohjeita<\/h2>\n<ul>\n<li>Savusaunan kiukaan l\u00e4mmityksest\u00e4 huolehtii vain Villa J\u00e4min henkil\u00f6kunta<\/li>\n<li>\u00c4l\u00e4 mene ulkoporealtaaseen peseytym\u00e4tt\u00e4 huolellisesti<\/li>\n<li>Huolehdi, ett\u00e4 porealtaan veden korkeus ei laske poresuuttimien puoliv\u00e4lin alle<\/li>\n<li>Peit\u00e4 ulkoporeallas aina k\u00e4yt\u00f6n j\u00e4lkeen termokannella<\/li>\n<li>\u00c4l\u00e4 likaa ja roskaa poreallasta\u00a0<strong>Huom! Porealtaan puhdistamisesta ja veden vaihtamisesta perit\u00e4\u00e4n 100 \u20ac\/h ja t\u00e4m\u00e4 veloitetaan takuumaksusta tai tarvittaessa l\u00e4het\u00e4mme asiakkaalle lis\u00e4laskun<\/strong><\/li>\n<li>Ulkoporealtaan k\u00e4ytt\u00f6 aina omalla vastuulla ja erityist\u00e4 varovaisuutta noudattaen esim. yleinen liukkaus talvella<\/li>\n<li>Pesutiloissa noudatettava erityist\u00e4 varovaisuutta lattian liukkauden takia<\/li>\n<li>H\u00f6yrysaunassa noudatettava erityist\u00e4 varovaisuutta kahden h\u00f6yrysuuttimen aiheuttaman kuumuuden vuoksi (oikean puoleisen penkin alaosa)<\/li>\n<li>Huolehdi siisteydest\u00e4<\/li>\n<li>J\u00e4t\u00e4 k\u00e4ytetyt vuoteet l\u00e4htiess\u00e4si avoimiksi, jotta siivooja tiet\u00e4\u00e4 vaihtaa puhtaat vuodevaatteet<\/li>\n<li>Tutustu poistumisreitteihin ja sammutuskalustoon heti, kun tulet huvilaan<\/li>\n<li>Ilmoita vahingoista v\u00e4litt\u00f6m\u00e4sti<\/li>\n<\/ul>\n<\/div><\/div><\/div><div class=\"fusion-layout-column fusion_builder_column fusion-builder-column-5 fusion_builder_column_1_6 1_6 fusion-flex-column\" style=\"--awb-bg-size:cover;--awb-width-large:16.666666666667%;--awb-margin-top-large:0px;--awb-spacing-right-large:11.52%;--awb-margin-bottom-large:20px;--awb-spacing-left-large:11.52%;--awb-width-medium:16.666666666667%;--awb-order-medium:0;--awb-spacing-right-medium:11.52%;--awb-spacing-left-medium:11.52%;--awb-width-small:100%;--awb-order-small:0;--awb-spacing-right-small:1.92%;--awb-spacing-left-small:1.92%;\"><div class=\"fusion-column-wrapper fusion-column-has-shadow fusion-flex-justify-content-flex-start fusion-content-layout-column\"><\/div><\/div><\/div><\/div><\/div><\/p>\n","protected":false},"excerpt":{"rendered":"","protected":false},"author":8,"featured_media":0,"parent":0,"menu_order":0,"comment_status":"closed","ping_status":"closed","template":"100-width.php","meta":{"footnotes":""},"class_list":["post-2911","page","type-page","status-publish","hentry"],"yoast_head":"<!-- This site is optimized with the Yoast SEO plugin v26.2 - https:\/\/yoast.com\/wordpress\/plugins\/seo\/ -->\n<title>Rental terms Villa J\u00e4mi - Luksushuvilat<\/title>\n<meta name=\"robots\" content=\"index, follow, max-snippet:-1, max-image-preview:large, max-video-preview:-1\" \/>\n<link rel=\"canonical\" href=\"https:\/\/www.luksushuvilat.fi\/en\/rental-terms-villa-jami\/\" \/>\n<meta property=\"og:locale\" content=\"en_US\" \/>\n<meta property=\"og:type\" content=\"article\" \/>\n<meta property=\"og:title\" content=\"Rental terms Villa J\u00e4mi - Luksushuvilat\" \/>\n<meta property=\"og:url\" content=\"https:\/\/www.luksushuvilat.fi\/en\/rental-terms-villa-jami\/\" \/>\n<meta property=\"og:site_name\" content=\"Luksushuvilat\" \/>\n<meta property=\"article:modified_time\" content=\"2021-04-14T15:06:21+00:00\" \/>\n<meta name=\"twitter:card\" content=\"summary_large_image\" \/>\n<meta name=\"twitter:label1\" content=\"Est. reading time\" \/>\n\t<meta name=\"twitter:data1\" content=\"19 minutes\" \/>\n<script type=\"application\/ld+json\" class=\"yoast-schema-graph\">{\"@context\":\"https:\/\/schema.org\",\"@graph\":[{\"@type\":\"WebPage\",\"@id\":\"https:\/\/www.luksushuvilat.fi\/en\/rental-terms-villa-jami\/\",\"url\":\"https:\/\/www.luksushuvilat.fi\/en\/rental-terms-villa-jami\/\",\"name\":\"Rental terms Villa J\u00e4mi - Luksushuvilat\",\"isPartOf\":{\"@id\":\"https:\/\/www.luksushuvilat.fi\/#website\"},\"datePublished\":\"2021-04-14T14:51:52+00:00\",\"dateModified\":\"2021-04-14T15:06:21+00:00\",\"breadcrumb\":{\"@id\":\"https:\/\/www.luksushuvilat.fi\/en\/rental-terms-villa-jami\/#breadcrumb\"},\"inLanguage\":\"en-US\",\"potentialAction\":[{\"@type\":\"ReadAction\",\"target\":[\"https:\/\/www.luksushuvilat.fi\/en\/rental-terms-villa-jami\/\"]}]},{\"@type\":\"BreadcrumbList\",\"@id\":\"https:\/\/www.luksushuvilat.fi\/en\/rental-terms-villa-jami\/#breadcrumb\",\"itemListElement\":[{\"@type\":\"ListItem\",\"position\":1,\"name\":\"Etusivu\",\"item\":\"https:\/\/www.luksushuvilat.fi\/\"},{\"@type\":\"ListItem\",\"position\":2,\"name\":\"Rental terms Villa J\u00e4mi\"}]},{\"@type\":\"WebSite\",\"@id\":\"https:\/\/www.luksushuvilat.fi\/#website\",\"url\":\"https:\/\/www.luksushuvilat.fi\/\",\"name\":\"Luksushuvilat\",\"description\":\"Luksusta luonnon helmassa\",\"potentialAction\":[{\"@type\":\"SearchAction\",\"target\":{\"@type\":\"EntryPoint\",\"urlTemplate\":\"https:\/\/www.luksushuvilat.fi\/?s={search_term_string}\"},\"query-input\":{\"@type\":\"PropertyValueSpecification\",\"valueRequired\":true,\"valueName\":\"search_term_string\"}}],\"inLanguage\":\"en-US\"}]}<\/script>\n<!-- \/ Yoast SEO plugin. -->","yoast_head_json":{"title":"Rental terms Villa J\u00e4mi - Luksushuvilat","robots":{"index":"index","follow":"follow","max-snippet":"max-snippet:-1","max-image-preview":"max-image-preview:large","max-video-preview":"max-video-preview:-1"},"canonical":"https:\/\/www.luksushuvilat.fi\/en\/rental-terms-villa-jami\/","og_locale":"en_US","og_type":"article","og_title":"Rental terms Villa J\u00e4mi - Luksushuvilat","og_url":"https:\/\/www.luksushuvilat.fi\/en\/rental-terms-villa-jami\/","og_site_name":"Luksushuvilat","article_modified_time":"2021-04-14T15:06:21+00:00","twitter_card":"summary_large_image","twitter_misc":{"Est. reading time":"19 minutes"},"schema":{"@context":"https:\/\/schema.org","@graph":[{"@type":"WebPage","@id":"https:\/\/www.luksushuvilat.fi\/en\/rental-terms-villa-jami\/","url":"https:\/\/www.luksushuvilat.fi\/en\/rental-terms-villa-jami\/","name":"Rental terms Villa J\u00e4mi - Luksushuvilat","isPartOf":{"@id":"https:\/\/www.luksushuvilat.fi\/#website"},"datePublished":"2021-04-14T14:51:52+00:00","dateModified":"2021-04-14T15:06:21+00:00","breadcrumb":{"@id":"https:\/\/www.luksushuvilat.fi\/en\/rental-terms-villa-jami\/#breadcrumb"},"inLanguage":"en-US","potentialAction":[{"@type":"ReadAction","target":["https:\/\/www.luksushuvilat.fi\/en\/rental-terms-villa-jami\/"]}]},{"@type":"BreadcrumbList","@id":"https:\/\/www.luksushuvilat.fi\/en\/rental-terms-villa-jami\/#breadcrumb","itemListElement":[{"@type":"ListItem","position":1,"name":"Etusivu","item":"https:\/\/www.luksushuvilat.fi\/"},{"@type":"ListItem","position":2,"name":"Rental terms Villa J\u00e4mi"}]},{"@type":"WebSite","@id":"https:\/\/www.luksushuvilat.fi\/#website","url":"https:\/\/www.luksushuvilat.fi\/","name":"Luksushuvilat","description":"Luksusta luonnon helmassa","potentialAction":[{"@type":"SearchAction","target":{"@type":"EntryPoint","urlTemplate":"https:\/\/www.luksushuvilat.fi\/?s={search_term_string}"},"query-input":{"@type":"PropertyValueSpecification","valueRequired":true,"valueName":"search_term_string"}}],"inLanguage":"en-US"}]}},"_links":{"self":[{"href":"https:\/\/www.luksushuvilat.fi\/en\/wp-json\/wp\/v2\/pages\/2911","targetHints":{"allow":["GET"]}}],"collection":[{"href":"https:\/\/www.luksushuvilat.fi\/en\/wp-json\/wp\/v2\/pages"}],"about":[{"href":"https:\/\/www.luksushuvilat.fi\/en\/wp-json\/wp\/v2\/types\/page"}],"author":[{"embeddable":true,"href":"https:\/\/www.luksushuvilat.fi\/en\/wp-json\/wp\/v2\/users\/8"}],"replies":[{"embeddable":true,"href":"https:\/\/www.luksushuvilat.fi\/en\/wp-json\/wp\/v2\/comments?post=2911"}],"version-history":[{"count":10,"href":"https:\/\/www.luksushuvilat.fi\/en\/wp-json\/wp\/v2\/pages\/2911\/revisions"}],"predecessor-version":[{"id":2979,"href":"https:\/\/www.luksushuvilat.fi\/en\/wp-json\/wp\/v2\/pages\/2911\/revisions\/2979"}],"wp:attachment":[{"href":"https:\/\/www.luksushuvilat.fi\/en\/wp-json\/wp\/v2\/media?parent=2911"}],"curies":[{"name":"wp","href":"https:\/\/api.w.org\/{rel}","templated":true}]}}